{"id":3560,"date":"2025-08-12T15:40:12","date_gmt":"2025-08-12T13:40:12","guid":{"rendered":"https:\/\/totalexperienceconsulting.pl\/?page_id=3560"},"modified":"2026-02-26T22:01:13","modified_gmt":"2026-02-26T21:01:13","slug":"customer-journey-moze-wiecej","status":"publish","type":"page","link":"https:\/\/totalexperience.pl\/en\/customer-journey-moze-wiecej\/","title":{"rendered":"Customer Journey mo\u017ce wi\u0119cej"},"content":{"rendered":"<div data-elementor-type=\"wp-page\" data-elementor-id=\"3560\" class=\"elementor elementor-3560\">\n\t\t\t\t<div class=\"elementor-element elementor-element-eb02c5d e-flex e-con-boxed e-con e-parent\" data-id=\"eb02c5d\" data-element_type=\"container\" data-settings=\"{&quot;background_background&quot;:&quot;slideshow&quot;,&quot;background_slideshow_gallery&quot;:[{&quot;id&quot;:3195,&quot;url&quot;:&quot;http:\\\/\\\/dev.totalexperienceconsulting.com\\\/wp-content\\\/uploads\\\/2025\\\/08\\\/CX-Masterlass-3.png&quot;}],&quot;background_slideshow_loop&quot;:&quot;yes&quot;,&quot;background_slideshow_slide_duration&quot;:5000,&quot;background_slideshow_slide_transition&quot;:&quot;fade&quot;,&quot;background_slideshow_transition_duration&quot;:500}\">\n\t\t\t\t\t<div class=\"e-con-inner\">\n\t\t\t\t<div class=\"elementor-element elementor-element-f0ef029 elementor-invisible elementor-widget elementor-widget-heading\" data-id=\"f0ef029\" data-element_type=\"widget\" data-settings=\"{&quot;_animation&quot;:&quot;fadeIn&quot;}\" data-widget_type=\"heading.default\">\n\t\t\t\t<div class=\"elementor-widget-container\">\n\t\t\t\t\t<h2 class=\"elementor-heading-title elementor-size-default\"><b style=\"font-size: 59.408px;text-align: center\"><span class=\"wysiwyg-font-size-48\" style=\"font-size: clamp(2.25rem, 2.005rem + 1.224vw, 3rem);line-height: 1\">Customer Journey mo\u017ce wi\u0119cej<\/span><\/b><\/h2>\t\t\t\t<\/div>\n\t\t\t\t<\/div>\n\t\t\t\t<div class=\"elementor-element elementor-element-1f46200 elementor-invisible elementor-widget elementor-widget-text-editor\" data-id=\"1f46200\" data-element_type=\"widget\" data-settings=\"{&quot;_animation&quot;:&quot;fadeIn&quot;}\" data-widget_type=\"text-editor.default\">\n\t\t\t\t<div class=\"elementor-widget-container\">\n\t\t\t\t\t\t\t\t\t<h4 style=\"color: #ebcecc; font-family: Ubuntu; font-size: 32px;\">Rozbuduj potencja\u0142 swojej \u015bcie\u017cki<\/h4>\n<span style=\"color: #ebcecc; font-family: Ubuntu; font-size: 18px;\">Warsztat Szkoleniowy<\/span>\t\t\t\t\t\t\t\t<\/div>\n\t\t\t\t<\/div>\n\t\t\t\t\t<\/div>\n\t\t\t\t<\/div>\n\t\t<div class=\"elementor-element elementor-element-eba05f1 e-grid e-con-boxed e-con e-parent\" data-id=\"eba05f1\" data-element_type=\"container\" data-settings=\"{&quot;background_background&quot;:&quot;classic&quot;}\">\n\t\t\t\t\t<div class=\"e-con-inner\">\n\t\t<div class=\"elementor-element elementor-element-d2c07ac e-con-full e-flex e-con e-child\" data-id=\"d2c07ac\" data-element_type=\"container\">\n\t\t\t\t<div class=\"elementor-element elementor-element-a6f1d13 elementor-invisible elementor-widget elementor-widget-text-editor\" data-id=\"a6f1d13\" data-element_type=\"widget\" data-settings=\"{&quot;_animation&quot;:&quot;fadeIn&quot;}\" data-widget_type=\"text-editor.default\">\n\t\t\t\t<div class=\"elementor-widget-container\">\n\t\t\t\t\t\t\t\t\t<b><span style=\"color: #4c4c4c; font-family: Ubuntu; font-size: 27px; line-height: 2;\">Co zyskasz?<\/span><\/b>\n<ul style=\"color: #4c4c4c; font-family: Ubuntu; font-size: 17px; line-height: 2;\">\n \t<li>Wiedz\u0119 na temat potencja\u0142u rozszerzonego wykorzystania \u015bcie\u017cek klienta w biznesie<\/li>\n \t<li>Konkretne pomys\u0142y na wykorzystanie Map podr\u00f3\u017cy klienta<\/li>\n \t<li>Praktyczne \u0107wiczenia do wykorzystania w swojej firmie<\/li>\n \t<li>Materia\u0142y szkoleniowe<\/li>\n \t<li>Certyfikat potwierdzaj\u0105cy udzia\u0142 w\nszkoleniu<\/li>\n<\/ul>\t\t\t\t\t\t\t\t<\/div>\n\t\t\t\t<\/div>\n\t\t\t\t<div class=\"elementor-element elementor-element-b987179 elementor-invisible elementor-widget elementor-widget-image\" data-id=\"b987179\" data-element_type=\"widget\" data-settings=\"{&quot;_animation&quot;:&quot;fadeIn&quot;}\" data-widget_type=\"image.default\">\n\t\t\t\t<div class=\"elementor-widget-container\">\n\t\t\t\t\t\t\t\t\t\t\t\t\t\t\t\t<a href=\"http:\/\/dev.totalexperienceconsulting.com\/wp-content\/uploads\/2025\/08\/Certyfikat-Total-Experience_page-0001-1.jpg\" target=\"_blank\">\n\t\t\t\t\t\t\t<img fetchpriority=\"high\" decoding=\"async\" width=\"300\" height=\"212\" src=\"https:\/\/totalexperience.pl\/wp-content\/uploads\/2025\/08\/Certyfikat-Total-Experience_page-0001-300x212.jpg\" class=\"attachment-medium size-medium wp-image-3270\" alt=\"Certyfikat\" srcset=\"https:\/\/totalexperience.pl\/wp-content\/uploads\/2025\/08\/Certyfikat-Total-Experience_page-0001-300x212.jpg 300w, https:\/\/totalexperience.pl\/wp-content\/uploads\/2025\/08\/Certyfikat-Total-Experience_page-0001-1024x724.jpg 1024w, https:\/\/totalexperience.pl\/wp-content\/uploads\/2025\/08\/Certyfikat-Total-Experience_page-0001-768x543.jpg 768w, https:\/\/totalexperience.pl\/wp-content\/uploads\/2025\/08\/Certyfikat-Total-Experience_page-0001-1536x1086.jpg 1536w, https:\/\/totalexperience.pl\/wp-content\/uploads\/2025\/08\/Certyfikat-Total-Experience_page-0001.jpg 1756w\" sizes=\"(max-width: 300px) 100vw, 300px\" \/>\t\t\t\t\t\t\t\t<\/a>\n\t\t\t\t\t\t\t\t\t\t\t\t\t\t\t<\/div>\n\t\t\t\t<\/div>\n\t\t\t\t<div class=\"elementor-element elementor-element-ca1f09a elementor-invisible elementor-widget elementor-widget-text-editor\" data-id=\"ca1f09a\" data-element_type=\"widget\" data-settings=\"{&quot;_animation&quot;:&quot;fadeIn&quot;}\" data-widget_type=\"text-editor.default\">\n\t\t\t\t<div class=\"elementor-widget-container\">\n\t\t\t\t\t\t\t\t\t<b><span style=\"color: #4c4c4c; font-family: Ubuntu; font-size: 27px; line-height: 2;\">To spotkanie jest dla Ciebie je\u015bli:<\/span><\/b>\n<ul style=\"color: #4c4c4c; font-family: Ubuntu; font-size: 17px; line-height: 2;\">\n \t<li>Potrafisz rozszyfrowa\u0107 skronim CJM i wiesz czym jest \u015bcie\u017cka klienta lub pracownika<\/li>\n \t<li>Masz podstawow\u0105 wiedz\u0119 na temat mapowania do\u015bwiadcze\u0144 klienta i wiesz dlaczego warto pos\u0142ugiwa\u0107 si\u0119 Customer Journey<\/li>\n \t<li>Chcesz budowa\u0107 klientocentryczny potencja\u0142 Twojej firmy z u\u017cyciem Customer Journey<\/li>\n \t<li>Znasz z\u0142o\u017cono\u015b\u0107 Mapy Podr\u00f3\u017cy Klienta, a chcesz pozna\u0107 r\u00f3wnie\u017c elastyczno\u015b\u0107 tego narz\u0119dzia w r\u00f3\u017cnych aspektach biznesowych<\/li>\n \t<li>Chcesz dowiedzie\u0107 si\u0119 wi\u0119cej na temat \u015bcie\u017cek klienta, zwi\u0119kszy\u0107 ich u\u017cycie i skutecznie przekonywa\u0107 wsp\u00f3\u0142pracownik\u00f3w do pracy na Mapie Podr\u00f3\u017cy Klienta<\/li>\n<\/ul>\t\t\t\t\t\t\t\t<\/div>\n\t\t\t\t<\/div>\n\t\t\t\t<\/div>\n\t\t<div class=\"elementor-element elementor-element-8ac133f e-con-full e-flex e-con e-child\" data-id=\"8ac133f\" data-element_type=\"container\">\n\t\t<div class=\"elementor-element elementor-element-9d86edb e-con-full e-flex elementor-invisible e-con e-child\" data-id=\"9d86edb\" data-element_type=\"container\" data-settings=\"{&quot;animation&quot;:&quot;fadeIn&quot;}\">\n\t\t\t\t<div class=\"elementor-element elementor-element-72c118c elementor-widget elementor-widget-image\" data-id=\"72c118c\" data-element_type=\"widget\" data-widget_type=\"image.default\">\n\t\t\t\t<div class=\"elementor-widget-container\">\n\t\t\t\t\t\t\t\t\t\t\t\t\t\t\t<img decoding=\"async\" width=\"100\" height=\"100\" src=\"https:\/\/totalexperience.pl\/wp-content\/uploads\/2025\/08\/szkolenie.png\" class=\"attachment-thumbnail size-thumbnail wp-image-3225\" alt=\"szkolenie\" \/>\t\t\t\t\t\t\t\t\t\t\t\t\t\t\t<\/div>\n\t\t\t\t<\/div>\n\t\t\t\t<div class=\"elementor-element elementor-element-894f68c elementor-widget elementor-widget-text-editor\" data-id=\"894f68c\" data-element_type=\"widget\" data-widget_type=\"text-editor.default\">\n\t\t\t\t<div class=\"elementor-widget-container\">\n\t\t\t\t\t\t\t\t\t<b><span style=\"color: #4c4c4c; font-family: Ubuntu; font-size: 17px;\">Training Video on Demand<\/span><\/b>\t\t\t\t\t\t\t\t<\/div>\n\t\t\t\t<\/div>\n\t\t\t\t<div class=\"elementor-element elementor-element-4debff6 elementor-widget elementor-widget-image\" data-id=\"4debff6\" data-element_type=\"widget\" data-widget_type=\"image.default\">\n\t\t\t\t<div class=\"elementor-widget-container\">\n\t\t\t\t\t\t\t\t\t\t\t\t\t\t\t<img decoding=\"async\" width=\"80\" height=\"80\" src=\"https:\/\/totalexperience.pl\/wp-content\/uploads\/2025\/08\/picture3.png\" class=\"attachment-medium size-medium wp-image-3238\" alt=\"kalendarz\" \/>\t\t\t\t\t\t\t\t\t\t\t\t\t\t\t<\/div>\n\t\t\t\t<\/div>\n\t\t\t\t<div class=\"elementor-element elementor-element-bfedaaf elementor-widget elementor-widget-text-editor\" data-id=\"bfedaaf\" data-element_type=\"widget\" data-widget_type=\"text-editor.default\">\n\t\t\t\t<div class=\"elementor-widget-container\">\n\t\t\t\t\t\t\t\t\t<p><b><span style=\"color: #4c4c4c; font-family: Ubuntu; font-size: 17px;\">2026<\/span><\/b><\/p>\t\t\t\t\t\t\t\t<\/div>\n\t\t\t\t<\/div>\n\t\t\t\t<div class=\"elementor-element elementor-element-1c5d59d elementor-widget elementor-widget-image\" data-id=\"1c5d59d\" data-element_type=\"widget\" data-widget_type=\"image.default\">\n\t\t\t\t<div class=\"elementor-widget-container\">\n\t\t\t\t\t\t\t\t\t\t\t\t\t\t\t<img loading=\"lazy\" decoding=\"async\" width=\"80\" height=\"80\" src=\"https:\/\/totalexperience.pl\/wp-content\/uploads\/2025\/08\/picture4.png\" class=\"attachment-large size-large wp-image-3250\" alt=\"Czas\" \/>\t\t\t\t\t\t\t\t\t\t\t\t\t\t\t<\/div>\n\t\t\t\t<\/div>\n\t\t\t\t<div class=\"elementor-element elementor-element-d620dee elementor-widget elementor-widget-text-editor\" data-id=\"d620dee\" data-element_type=\"widget\" data-widget_type=\"text-editor.default\">\n\t\t\t\t<div class=\"elementor-widget-container\">\n\t\t\t\t\t\t\t\t\t<span style=\"color: #4c4c4c; font-family: Ubuntu; font-size: 17px;\"><b>10:00 &#8211; 15:00 (3h)<\/b>\n<\/span><br>\n<span style=\"color: #4c4c4c; font-family: Ubuntu; font-size: 14px;\">(4h szkolenia)<br>(przerwa 1h mi\u0119dzy 12 a 13)<\/span>\t\t\t\t\t\t\t\t<\/div>\n\t\t\t\t<\/div>\n\t\t\t\t<div class=\"elementor-element elementor-element-5e73d0e elementor-widget elementor-widget-button\" data-id=\"5e73d0e\" data-element_type=\"widget\" data-widget_type=\"button.default\">\n\t\t\t\t<div class=\"elementor-widget-container\">\n\t\t\t\t\t\t\t\t\t<div class=\"elementor-button-wrapper\">\n\t\t\t\t\t<a class=\"elementor-button elementor-button-link elementor-size-sm\" href=\"#ZAPISY\">\n\t\t\t\t\t\t<span class=\"elementor-button-content-wrapper\">\n\t\t\t\t\t\t\t\t\t<span class=\"elementor-button-text\">Get Training Video<\/span>\n\t\t\t\t\t<\/span>\n\t\t\t\t\t<\/a>\n\t\t\t\t<\/div>\n\t\t\t\t\t\t\t\t<\/div>\n\t\t\t\t<\/div>\n\t\t\t\t<\/div>\n\t\t\t\t<\/div>\n\t\t\t\t\t<\/div>\n\t\t\t\t<\/div>\n\t\t<div class=\"elementor-element elementor-element-a6c69cb e-flex e-con-boxed e-con e-parent\" data-id=\"a6c69cb\" data-element_type=\"container\">\n\t\t\t\t\t<div class=\"e-con-inner\">\n\t\t\t\t<div class=\"elementor-element elementor-element-578626d elementor-widget elementor-widget-text-editor\" data-id=\"578626d\" data-element_type=\"widget\" data-widget_type=\"text-editor.default\">\n\t\t\t\t<div class=\"elementor-widget-container\">\n\t\t\t\t\t\t\t\t\t<h3 style=\"color: #ebcecc; font-family: Ubuntu;\">Podczas warsztatu zabieram uczestnik\u00f3w w wirtualn\u0105 podr\u00f3\u017c lotnicz\u0105&#8230;<\/h3>\t\t\t\t\t\t\t\t<\/div>\n\t\t\t\t<\/div>\n\t\t<div class=\"elementor-element elementor-element-274e7fc e-grid e-con-full e-con e-child\" data-id=\"274e7fc\" data-element_type=\"container\">\n\t\t\t\t<div class=\"elementor-element elementor-element-1ce6a11 elementor-widget elementor-widget-text-editor\" data-id=\"1ce6a11\" data-element_type=\"widget\" data-widget_type=\"text-editor.default\">\n\t\t\t\t<div class=\"elementor-widget-container\">\n\t\t\t\t\t\t\t\t\t<h5 style=\"color: #ebcecc; font-family: Ubuntu; line-height: 1.8;\">PRZED WYPRAW\u0104 SI\u0118 PRZYGOTUJEMY<br>Przewarsztatujemy:<\/h5>\n<ul style=\"color: #ebcecc; font-family: Ubuntu; font-size: 18px; line-height: 1.6;\">\n \t<li>Dlaczego tak trudno skutecznie wprowadza\u0107 \u015bcie\u017cki w organizacji<\/li><li>Dlaczego warto podejmowa\u0107 ten trud, jakie szanse daje mapa podr\u00f3\u017cy klienta dla obszaru Customer Experience i ca\u0142ej organizacji<\/li>\n<\/ul>\n<h5 style=\"color: #ebcecc; font-family: Ubuntu; line-height: 1.8;\">W TRAKCIE PODR\u00d3\u017bY<br>Na przyk\u0142adowej \u015bcie\u017cce* odkryjemy:<\/h5>\n<ul style=\"color: #ebcecc; font-family: Ubuntu; font-size: 18px; line-height: 1.6;\">\n<li>Analiza kluczowych moment\u00f3w (moments that matter)<\/li><li>Benchmark i analiz\u0119 SWOT<\/li><li>Total Experience &#8211; Po\u0142\u0105czenie CX z EX na \u015bcie\u017cce<\/li><li>Zarz\u0105dzanie portfolio projekt\u00f3w<\/li><li>Zarz\u0105dzanie g\u0142osem klienta i badaniami klienckimi<\/li><li>Przedyskutujemy co jeszcze mo\u017cna zrobi\u0107 ze \u015bcie\u017ck\u0105 &#8211; poka\u017c\u0119 m.in. jak zbudowa\u0107 specyfikacj\u0119 aplikacji mobile\/web na Customer Journey<\/li><\/ul>\n\n<i>*ch\u0119tni mog\u0105 przynie\u015b\u0107 swoj\u0105 \u015bcie\u017ck\u0119 i pracowa\u0107 na niej r\u00f3wnolegle<\/i>\t\t\t\t\t\t\t\t<\/div>\n\t\t\t\t<\/div>\n\t\t\t\t<div class=\"elementor-element elementor-element-d9ee3bc elementor-widget elementor-widget-text-editor\" data-id=\"d9ee3bc\" data-element_type=\"widget\" data-widget_type=\"text-editor.default\">\n\t\t\t\t<div class=\"elementor-widget-container\">\n\t\t\t\t\t\t\t\t\t<h4 style=\"color: #ebcecc; font-family: Ubuntu; line-height: 1.8;\">PO PODR\u00d3\u017bY<br>Podsumujemy:<\/h4>\n<ul style=\"color: #ebcecc; font-family: Ubuntu; font-size: 18px; line-height: 1.6;\">\n \t<li>Lekcje, kt\u00f3re p\u0142yn\u0105 z wyprawy<\/li>\n \t<li>Na jak wiele sposob\u00f3w mo\u017cna t\u0119 wypraw\u0119 z CJM pokona\u0107<\/li>\n \t<li>Komunikacja w organizacji\n\n&nbsp;<\/li>\n \t<li>Gdzie znale\u017a\u0107 wsparcie w tej pierwszej podr\u00f3\u017cy z Customer Journey<\/li>\n<\/ul>\t\t\t\t\t\t\t\t<\/div>\n\t\t\t\t<\/div>\n\t\t\t\t<\/div>\n\t\t\t\t\t<\/div>\n\t\t\t\t<\/div>\n\t\t<div class=\"elementor-element elementor-element-40cc541 e-flex e-con-boxed e-con e-parent\" data-id=\"40cc541\" data-element_type=\"container\" data-settings=\"{&quot;background_background&quot;:&quot;classic&quot;}\">\n\t\t\t\t\t<div class=\"e-con-inner\">\n\t\t<div class=\"elementor-element elementor-element-7595006 e-con-full e-flex e-con e-child\" data-id=\"7595006\" data-element_type=\"container\" data-settings=\"{&quot;background_background&quot;:&quot;classic&quot;}\">\n\t\t\t\t<div class=\"elementor-element elementor-element-a8c4c13 elementor-invisible elementor-widget elementor-widget-text-editor\" data-id=\"a8c4c13\" data-element_type=\"widget\" data-settings=\"{&quot;_animation&quot;:&quot;fadeIn&quot;}\" data-widget_type=\"text-editor.default\">\n\t\t\t\t<div class=\"elementor-widget-container\">\n\t\t\t\t\t\t\t\t\t<h3 style=\"color: #1c2541; font-family: Ubuntu;\">Trainings Reviews<\/h3>\t\t\t\t\t\t\t\t<\/div>\n\t\t\t\t<\/div>\n\t\t\t\t<\/div>\n\t\t<div class=\"elementor-element elementor-element-2151fbf e-grid e-con-full elementor-invisible e-con e-child\" data-id=\"2151fbf\" data-element_type=\"container\" data-settings=\"{&quot;animation&quot;:&quot;fadeIn&quot;}\">\n\t\t\t\t<div class=\"elementor-element elementor-element-e3925ad elementor-widget elementor-widget-text-editor\" data-id=\"e3925ad\" data-element_type=\"widget\" data-widget_type=\"text-editor.default\">\n\t\t\t\t<div class=\"elementor-widget-container\">\n\t\t\t\t\t\t\t\t\t<h4 style=\"color: #1c2541; font-family: Ubuntu;\">Efficient CX Project Management<\/h4><p><span style=\"color: #666666; font-family: Ubuntu; font-size: 18px;\">\u201cOgromny plus za zebranie wiedzy i przekazanie jej w skondensowany spos\u00f3b. Wszystko poparte du\u017cym do\u015bwiadczeniem. Fajna relacja z uczestnikami, kt\u00f3ra pozwoli\u0142a wymienia\u0107 si\u0119 do\u015bwiadczeniami. Szkolenie rozbudzi\u0142o g\u0142\u00f3d uczenia si\u0119.\u201d<\/span><\/p><p><span style=\"color: #666666; font-family: Ubuntu; font-size: 15px;\"><b><i>Anna Szadkowska, mLeasing<\/i><b><\/b><\/b><\/span><\/p>\t\t\t\t\t\t\t\t<\/div>\n\t\t\t\t<\/div>\n\t\t\t\t<div class=\"elementor-element elementor-element-88f4a69 elementor-widget elementor-widget-text-editor\" data-id=\"88f4a69\" data-element_type=\"widget\" data-widget_type=\"text-editor.default\">\n\t\t\t\t<div class=\"elementor-widget-container\">\n\t\t\t\t\t\t\t\t\t<h4 style=\"color: #1c2541; font-family: Ubuntu;\">Efficient CX Project Management<\/h4><p><span style=\"color: #666666; font-family: Ubuntu; font-size: 18px;\">\u201cDoceniam szczeg\u00f3lnie za praktyczne przyk\u0142ady, bardzo dobrze zaplanowane poszczeg\u00f3lne bloki tematyczne z uwzgl\u0119dnieniem czasu na pytania, dzielenie si\u0119 do\u015bwiadczeniami, przerwa w trakcie na przewietrzenie umys\u0142u. Super pomys\u0142 z ankietami maj\u0105cymi na celu zbadanie do\u015bwiadcze\u0144 uczestnik\u00f3w i b\u0119d\u0105cymi dobr\u0105 baz\u0105 do dyskusji. Bardzo profesjonalnie przygotowany materia\u0142, podzielony jasno na bloki tematyczne odpowiadaj\u0105ce poszczeg\u00f3lnym etapom w projekcie. No i oczywi\u015bcie sama prowadz\u0105ca &#8211; brawo Weronika za profesjonalizm i \u015bwietnie poprowadzony warsztat!\u201d<\/span><\/p><p><span style=\"color: #666666; font-family: Ubuntu; font-size: 15px;\"><b><i>Wiktoria Plutka, Credit Agricole B.P. SA<\/i><\/b><\/span><\/p>\t\t\t\t\t\t\t\t<\/div>\n\t\t\t\t<\/div>\n\t\t\t\t<\/div>\n\t\t<div class=\"elementor-element elementor-element-d7c92b7 e-con-full e-flex e-con e-child\" data-id=\"d7c92b7\" data-element_type=\"container\" data-settings=\"{&quot;background_background&quot;:&quot;classic&quot;}\">\n\t\t\t\t<div class=\"elementor-element elementor-element-2d6c52e elementor-align-center elementor-invisible elementor-widget elementor-widget-button\" data-id=\"2d6c52e\" data-element_type=\"widget\" data-settings=\"{&quot;_animation&quot;:&quot;fadeIn&quot;}\" data-widget_type=\"button.default\">\n\t\t\t\t<div class=\"elementor-widget-container\">\n\t\t\t\t\t\t\t\t\t<div class=\"elementor-button-wrapper\">\n\t\t\t\t\t<a class=\"elementor-button elementor-button-link elementor-size-sm\" href=\"\/en\/opinie-o-szkoleniach\/\">\n\t\t\t\t\t\t<span class=\"elementor-button-content-wrapper\">\n\t\t\t\t\t\t\t\t\t<span class=\"elementor-button-text\">See all reviews..<\/span>\n\t\t\t\t\t<\/span>\n\t\t\t\t\t<\/a>\n\t\t\t\t<\/div>\n\t\t\t\t\t\t\t\t<\/div>\n\t\t\t\t<\/div>\n\t\t\t\t<\/div>\n\t\t\t\t\t<\/div>\n\t\t\t\t<\/div>\n\t\t<div class=\"elementor-element elementor-element-1c9fb40 e-flex e-con-boxed e-con e-parent\" data-id=\"1c9fb40\" data-element_type=\"container\" data-settings=\"{&quot;background_background&quot;:&quot;classic&quot;}\">\n\t\t\t\t\t<div class=\"e-con-inner\">\n\t\t\t\t<div class=\"elementor-element elementor-element-8ea5ea8 elementor-widget-divider--view-line elementor-invisible elementor-widget elementor-widget-divider\" data-id=\"8ea5ea8\" data-element_type=\"widget\" data-settings=\"{&quot;_animation&quot;:&quot;fadeIn&quot;}\" data-widget_type=\"divider.default\">\n\t\t\t\t<div class=\"elementor-widget-container\">\n\t\t\t\t\t\t\t<div class=\"elementor-divider\">\n\t\t\t<span class=\"elementor-divider-separator\">\n\t\t\t\t\t\t<\/span>\n\t\t<\/div>\n\t\t\t\t\t\t<\/div>\n\t\t\t\t<\/div>\n\t\t\t\t\t<\/div>\n\t\t\t\t<\/div>\n\t\t<div class=\"elementor-element elementor-element-874afa7 e-flex e-con-boxed e-con e-parent\" data-id=\"874afa7\" data-element_type=\"container\" data-settings=\"{&quot;background_background&quot;:&quot;classic&quot;}\">\n\t\t\t\t\t<div class=\"e-con-inner\">\n\t\t\t\t<div class=\"elementor-element elementor-element-de8a3f3 elementor-invisible elementor-widget elementor-widget-image\" data-id=\"de8a3f3\" data-element_type=\"widget\" data-settings=\"{&quot;_animation&quot;:&quot;fadeIn&quot;}\" data-widget_type=\"image.default\">\n\t\t\t\t<div class=\"elementor-widget-container\">\n\t\t\t\t\t\t\t\t\t\t\t\t\t\t\t<img loading=\"lazy\" decoding=\"async\" width=\"64\" height=\"64\" src=\"https:\/\/totalexperience.pl\/wp-content\/uploads\/2025\/08\/picture62.png\" class=\"attachment-large size-large wp-image-3315\" alt=\"ZAPIS\" \/>\t\t\t\t\t\t\t\t\t\t\t\t\t\t\t<\/div>\n\t\t\t\t<\/div>\n\t\t\t\t\t<\/div>\n\t\t\t\t<\/div>\n\t\t<div class=\"elementor-element elementor-element-ecabfbe e-flex e-con-boxed e-con e-parent\" data-id=\"ecabfbe\" data-element_type=\"container\" data-settings=\"{&quot;background_background&quot;:&quot;classic&quot;}\">\n\t\t\t\t\t<div class=\"e-con-inner\">\n\t\t\t\t<div class=\"elementor-element elementor-element-414e238 e-transform elementor-invisible elementor-widget elementor-widget-text-editor\" data-id=\"414e238\" data-element_type=\"widget\" data-settings=\"{&quot;_animation&quot;:&quot;fadeIn&quot;,&quot;_transform_translateX_effect&quot;:{&quot;unit&quot;:&quot;px&quot;,&quot;size&quot;:&quot;&quot;,&quot;sizes&quot;:[]},&quot;_transform_translateX_effect_tablet&quot;:{&quot;unit&quot;:&quot;px&quot;,&quot;size&quot;:&quot;&quot;,&quot;sizes&quot;:[]},&quot;_transform_translateX_effect_mobile&quot;:{&quot;unit&quot;:&quot;px&quot;,&quot;size&quot;:&quot;&quot;,&quot;sizes&quot;:[]},&quot;_transform_translateY_effect&quot;:{&quot;unit&quot;:&quot;px&quot;,&quot;size&quot;:&quot;&quot;,&quot;sizes&quot;:[]},&quot;_transform_translateY_effect_tablet&quot;:{&quot;unit&quot;:&quot;px&quot;,&quot;size&quot;:&quot;&quot;,&quot;sizes&quot;:[]},&quot;_transform_translateY_effect_mobile&quot;:{&quot;unit&quot;:&quot;px&quot;,&quot;size&quot;:&quot;&quot;,&quot;sizes&quot;:[]}}\" data-widget_type=\"text-editor.default\">\n\t\t\t\t<div class=\"elementor-widget-container\">\n\t\t\t\t\t\t\t\t\t<a id=\"ZAPISY\">\n<h4 style=\"color: #1c2541; font-family: Ubuntu;\">Get Your training by filling out the form.<\/h4>\n<span style=\"color: #1c2541; font-family: Ubuntu;\">\nIf the registration form does not display correctly, contact me by e-mail: <a style=\"color: #1c2541; font-family: Ubuntu;\" href=\"mailto:weronika@totalexperience.pl\">weronika@totalexperience.pl<\/a>\n<br>\nIf the registration form does not display correctly, contact me by e-mail:\n<\/span><br>\n<img decoding=\"async\" src=\"http:\/\/dev.totalexperienceconsulting.com\/wp-content\/uploads\/2025\/08\/captcha_tumb.jpg\" \/>\n<p style=\"text-align: center;\"><iframe src=\"https:\/\/docs.google.com\/forms\/d\/e\/1FAIpQLSeORK7KZVPYY8_Ep7YMuwzs90d8TLtYSaa62BftV2Vz00NX2g\/viewform?embedded=true\" width=\"360\" height=\"1000\" frameborder=\"0\" marginwidth=\"0\" marginheight=\"0\">\u0141adowanie&#8230;<\/iframe><\/p>\t\t\t\t\t\t\t\t<\/div>\n\t\t\t\t<\/div>\n\t\t\t\t\t<\/div>\n\t\t\t\t<\/div>\n\t\t\t\t<\/div>","protected":false},"excerpt":{"rendered":"<p>Customer Journey mo\u017ce wi\u0119cej Rozbuduj potencja\u0142 swojej \u015bcie\u017cki Warsztat SzkoleniowyCo zyskasz? Wiedz\u0119 na temat potencja\u0142u rozszerzonego wykorzystania \u015bcie\u017cek klienta w biznesie Konkretne pomys\u0142y na wykorzystanie Map podr\u00f3\u017cy klienta Praktyczne \u0107wiczenia do wykorzystania w swojej firmie Materia\u0142y szkoleniowe Certyfikat potwierdzaj\u0105cy udzia\u0142 w szkoleniu To spotkanie jest dla Ciebie je\u015bli: Potrafisz rozszyfrowa\u0107 skronim CJM i wiesz czym [&hellip;]<\/p>","protected":false},"author":1,"featured_media":0,"parent":0,"menu_order":0,"comment_status":"closed","ping_status":"closed","template":"","meta":{"site-sidebar-layout":"no-sidebar","site-content-layout":"page-builder","ast-site-content-layout":"full-width-container","site-content-style":"default","site-sidebar-style":"default","ast-global-header-display":"","ast-banner-title-visibility":"","ast-main-header-display":"","ast-hfb-above-header-display":"","ast-hfb-below-header-display":"","ast-hfb-mobile-header-display":"","site-post-title":"disabled","ast-breadcrumbs-content":"","ast-featured-img":"disabled","footer-sml-layout":"","theme-transparent-header-meta":"","adv-header-id-meta":"","stick-header-meta":"","header-above-stick-meta":"","header-main-stick-meta":"","header-below-stick-meta":"","astra-migrate-meta-layouts":"set","ast-page-background-enabled":"default","ast-page-background-meta":{"desktop":{"background-color":"var(--ast-global-color-4)","background-image":"","background-repeat":"repeat","background-position":"center center","background-size":"auto","background-attachment":"scroll","background-type":"","background-media":"","overlay-type":"","overlay-color":"","overlay-opacity":"","overlay-gradient":""},"tablet":{"background-color":"","background-image":"","background-repeat":"repeat","background-position":"center center","background-size":"auto","background-attachment":"scroll","background-type":"","background-media":"","overlay-type":"","overlay-color":"","overlay-opacity":"","overlay-gradient":""},"mobile":{"background-color":"","background-image":"","background-repeat":"repeat","background-position":"center center","background-size":"auto","background-attachment":"scroll","background-type":"","background-media":"","overlay-type":"","overlay-color":"","overlay-opacity":"","overlay-gradient":""}},"ast-content-background-meta":{"desktop":{"background-color":"var(--ast-global-color-5)","background-image":"","background-repeat":"repeat","background-position":"center center","background-size":"auto","background-attachment":"scroll","background-type":"","background-media":"","overlay-type":"","overlay-color":"","overlay-opacity":"","overlay-gradient":""},"tablet":{"background-color":"var(--ast-global-color-5)","background-image":"","background-repeat":"repeat","background-position":"center center","background-size":"auto","background-attachment":"scroll","background-type":"","background-media":"","overlay-type":"","overlay-color":"","overlay-opacity":"","overlay-gradient":""},"mobile":{"background-color":"var(--ast-global-color-5)","background-image":"","background-repeat":"repeat","background-position":"center center","background-size":"auto","background-attachment":"scroll","background-type":"","background-media":"","overlay-type":"","overlay-color":"","overlay-opacity":"","overlay-gradient":""}},"footnotes":""},"class_list":["post-3560","page","type-page","status-publish","hentry"],"_links":{"self":[{"href":"https:\/\/totalexperience.pl\/en\/wp-json\/wp\/v2\/pages\/3560","targetHints":{"allow":["GET"]}}],"collection":[{"href":"https:\/\/totalexperience.pl\/en\/wp-json\/wp\/v2\/pages"}],"about":[{"href":"https:\/\/totalexperience.pl\/en\/wp-json\/wp\/v2\/types\/page"}],"author":[{"embeddable":true,"href":"https:\/\/totalexperience.pl\/en\/wp-json\/wp\/v2\/users\/1"}],"replies":[{"embeddable":true,"href":"https:\/\/totalexperience.pl\/en\/wp-json\/wp\/v2\/comments?post=3560"}],"version-history":[{"count":0,"href":"https:\/\/totalexperience.pl\/en\/wp-json\/wp\/v2\/pages\/3560\/revisions"}],"wp:attachment":[{"href":"https:\/\/totalexperience.pl\/en\/wp-json\/wp\/v2\/media?parent=3560"}],"curies":[{"name":"wp","href":"https:\/\/api.w.org\/{rel}","templated":true}]}}