{"id":3245,"date":"2025-08-07T16:27:36","date_gmt":"2025-08-07T14:27:36","guid":{"rendered":"http:\/\/dev.totalexperienceconsulting.com\/?page_id=3245"},"modified":"2025-08-07T22:03:18","modified_gmt":"2025-08-07T20:03:18","slug":"newsletter","status":"publish","type":"page","link":"https:\/\/totalexperience.pl\/en\/newsletter\/","title":{"rendered":"Newsletter"},"content":{"rendered":"<div data-elementor-type=\"wp-page\" data-elementor-id=\"3245\" class=\"elementor elementor-3245\">\n\t\t\t\t<div class=\"elementor-element elementor-element-f64d282 e-flex e-con-boxed e-con e-parent\" data-id=\"f64d282\" data-element_type=\"container\" data-settings=\"{&quot;background_background&quot;:&quot;classic&quot;}\">\n\t\t\t\t\t<div class=\"e-con-inner\">\n\t\t\t\t<div class=\"elementor-element elementor-element-3021952 elementor-invisible elementor-widget elementor-widget-text-editor\" data-id=\"3021952\" data-element_type=\"widget\" data-settings=\"{&quot;_animation&quot;:&quot;fadeIn&quot;}\" data-widget_type=\"text-editor.default\">\n\t\t\t\t<div class=\"elementor-widget-container\">\n\t\t\t\t\t\t\t\t\t<span style=\"color: #4c4c4c; font-family: Ubuntu; font-size: 35px;\">B\u0105d\u017a na bie\u017c\u0105co z Customer, Employee i Total Experience!<\/span>\n<br><br>\n<span style=\"color: #4c4c4c; font-family: Ubuntu; font-size: 20px; line-height: 2\">Otrzymaj dawk\u0119 inspiracji ka\u017cdego 12-go dnia miesi\u0105ca o 12-stej!\n\nZapewnij sobie sta\u0142y dop\u0142yw wiedzy prosto na Twojego maila i pozosta\u0144my w kontakcie! \ud83d\ude42<\/span>\t\t\t\t\t\t\t\t<\/div>\n\t\t\t\t<\/div>\n\t\t\t\t<div class=\"elementor-element elementor-element-5835108 elementor-invisible elementor-widget elementor-widget-html\" data-id=\"5835108\" data-element_type=\"widget\" data-settings=\"{&quot;_animation&quot;:&quot;fadeIn&quot;}\" data-widget_type=\"html.default\">\n\t\t\t\t<div class=\"elementor-widget-container\">\n\t\t\t\t\t<button class=\"button\" onclick=\"ml('show', 'Getnvb', true)\" style=\"font-size: 24px;\">Newsletter - Zapisz si\u0119!<\/button>\t\t\t\t<\/div>\n\t\t\t\t<\/div>\n\t\t\t\t\t<\/div>\n\t\t\t\t<\/div>\n\t\t\t\t<\/div>","protected":false},"excerpt":{"rendered":"<p>B\u0105d\u017a na bie\u017c\u0105co z Customer, Employee i Total Experience! Otrzymaj dawk\u0119 inspiracji ka\u017cdego 12-go dnia miesi\u0105ca o 12-stej! Zapewnij sobie sta\u0142y dop\u0142yw wiedzy prosto na Twojego maila i pozosta\u0144my w kontakcie! \ud83d\ude42 Newsletter &#8211; Zapisz si\u0119!<\/p>","protected":false},"author":1,"featured_media":0,"parent":0,"menu_order":0,"comment_status":"closed","ping_status":"closed","template":"","meta":{"site-sidebar-layout":"no-sidebar","site-content-layout":"page-builder","ast-site-content-layout":"full-width-container","site-content-style":"default","site-sidebar-style":"default","ast-global-header-display":"","ast-banner-title-visibility":"","ast-main-header-display":"","ast-hfb-above-header-display":"","ast-hfb-below-header-display":"","ast-hfb-mobile-header-display":"","site-post-title":"disabled","ast-breadcrumbs-content":"","ast-featured-img":"disabled","footer-sml-layout":"","theme-transparent-header-meta":"","adv-header-id-meta":"","stick-header-meta":"","header-above-stick-meta":"","header-main-stick-meta":"","header-below-stick-meta":"","astra-migrate-meta-layouts":"set","ast-page-background-enabled":"default","ast-page-background-meta":{"desktop":{"background-color":"var(--ast-global-color-4)","background-image":"","background-repeat":"repeat","background-position":"center center","background-size":"auto","background-attachment":"scroll","background-type":"","background-media":"","overlay-type":"","overlay-color":"","overlay-opacity":"","overlay-gradient":""},"tablet":{"background-color":"","background-image":"","background-repeat":"repeat","background-position":"center center","background-size":"auto","background-attachment":"scroll","background-type":"","background-media":"","overlay-type":"","overlay-color":"","overlay-opacity":"","overlay-gradient":""},"mobile":{"background-color":"","background-image":"","background-repeat":"repeat","background-position":"center center","background-size":"auto","background-attachment":"scroll","background-type":"","background-media":"","overlay-type":"","overlay-color":"","overlay-opacity":"","overlay-gradient":""}},"ast-content-background-meta":{"desktop":{"background-color":"var(--ast-global-color-5)","background-image":"","background-repeat":"repeat","background-position":"center center","background-size":"auto","background-attachment":"scroll","background-type":"","background-media":"","overlay-type":"","overlay-color":"","overlay-opacity":"","overlay-gradient":""},"tablet":{"background-color":"var(--ast-global-color-5)","background-image":"","background-repeat":"repeat","background-position":"center center","background-size":"auto","background-attachment":"scroll","background-type":"","background-media":"","overlay-type":"","overlay-color":"","overlay-opacity":"","overlay-gradient":""},"mobile":{"background-color":"var(--ast-global-color-5)","background-image":"","background-repeat":"repeat","background-position":"center center","background-size":"auto","background-attachment":"scroll","background-type":"","background-media":"","overlay-type":"","overlay-color":"","overlay-opacity":"","overlay-gradient":""}},"footnotes":""},"class_list":["post-3245","page","type-page","status-publish","hentry"],"_links":{"self":[{"href":"https:\/\/totalexperience.pl\/en\/wp-json\/wp\/v2\/pages\/3245","targetHints":{"allow":["GET"]}}],"collection":[{"href":"https:\/\/totalexperience.pl\/en\/wp-json\/wp\/v2\/pages"}],"about":[{"href":"https:\/\/totalexperience.pl\/en\/wp-json\/wp\/v2\/types\/page"}],"author":[{"embeddable":true,"href":"https:\/\/totalexperience.pl\/en\/wp-json\/wp\/v2\/users\/1"}],"replies":[{"embeddable":true,"href":"https:\/\/totalexperience.pl\/en\/wp-json\/wp\/v2\/comments?post=3245"}],"version-history":[{"count":0,"href":"https:\/\/totalexperience.pl\/en\/wp-json\/wp\/v2\/pages\/3245\/revisions"}],"wp:attachment":[{"href":"https:\/\/totalexperience.pl\/en\/wp-json\/wp\/v2\/media?parent=3245"}],"curies":[{"name":"wp","href":"https:\/\/api.w.org\/{rel}","templated":true}]}}