{"id":3,"date":"2025-07-16T09:24:31","date_gmt":"2025-07-16T07:24:31","guid":{"rendered":"http:\/\/dev.totalexperienceconsulting.com\/?page_id=3"},"modified":"2025-08-13T15:21:10","modified_gmt":"2025-08-13T13:21:10","slug":"polityka-prywatnosci","status":"publish","type":"page","link":"https:\/\/totalexperience.pl\/en\/polityka-prywatnosci\/","title":{"rendered":"Polityka prywatno\u015bci"},"content":{"rendered":"<div data-elementor-type=\"wp-page\" data-elementor-id=\"3\" class=\"elementor elementor-3\">\n\t\t\t\t<div class=\"elementor-element elementor-element-5a80d27e e-flex e-con-boxed e-con e-parent\" data-id=\"5a80d27e\" data-element_type=\"container\" data-settings=\"{&quot;background_background&quot;:&quot;classic&quot;}\">\n\t\t\t\t\t<div class=\"e-con-inner\">\n\t\t\t\t<div class=\"elementor-element elementor-element-4e6cce32 elementor-widget elementor-widget-text-editor\" data-id=\"4e6cce32\" data-element_type=\"widget\" data-widget_type=\"text-editor.default\">\n\t\t\t\t<div class=\"elementor-widget-container\">\n\t\t\t\t\t\t\t\t\t\n<h2 class=\"wp-block-heading\">Polityka prywatno\u015bci<\/h2>\t\t\t\t\t\t\t\t<\/div>\n\t\t\t\t<\/div>\n\t\t\t\t\t<\/div>\n\t\t\t\t<\/div>\n\t\t<div class=\"elementor-element elementor-element-97f7a77 e-flex e-con-boxed e-con e-parent\" data-id=\"97f7a77\" data-element_type=\"container\">\n\t\t\t\t\t<div class=\"e-con-inner\">\n\t\t\t\t<div class=\"elementor-element elementor-element-5d85fb9 elementor-widget elementor-widget-text-editor\" data-id=\"5d85fb9\" data-element_type=\"widget\" data-widget_type=\"text-editor.default\">\n\t\t\t\t<div class=\"elementor-widget-container\">\n\t\t\t\t\t\t\t\t\t<p><b>I. Postanowienia og\u00f3lne<\/b><br><\/p><b><br><p>1. &nbsp; Polityka prywatno\u015bci okre\u015bla, jak zbierane, przetwarzane i przechowywane s\u0105 dane osobowe U\u017cytkownik\u00f3w niezb\u0119dne do obs\u0142ugi zapyta\u0144 formularza i umawiania si\u0119 na spotkania za po\u015brednictwem<br>&nbsp;strony internetowej TotalExperience.pl&nbsp;(dalej: Serwis).<\/p><br><p>2. &nbsp; Serwis zbiera wy\u0142\u0105cznie dane osobowe niezb\u0119dne do \u015bwiadczenia us\u0142ug w nim oferowanych.<\/p><br><p>3. &nbsp; Dane osobowe zbierane za po\u015brednictwem Serwisu s\u0105 przetwarzane zgodnie z Rozporz\u0105dzeniem Parlamentu Europejskiego i Rady (UE) 2016\/679 z dnia 27 kwietnia 2016 r. w sprawie ochrony os\u00f3b fizycznych w zwi\u0105zku z przetwarzaniem danych osobowych i w sprawie swobodnego przep\u0142ywu takich danych oraz uchylenia dyrektywy 95\/46\/WE (og\u00f3lne rozporz\u0105dzenie o ochronie danych, dalej \u201eRODO\u201d) oraz ustaw\u0105 o ochronie danych osobowych z dnia 10 maja 2018 r.<\/p><br><\/b><p><b>II. Administrator danych<\/b><\/p><b><br><p>Administratorem danych osobowych zbieranych poprzez Serwis jest Weronika Rosiak \u2013 Jedz prowadz\u0105ca dzia\u0142alno\u015b\u0107 gospodarcz\u0105 pod firm\u0105 Total Experience Weronika Rosiak-Jedz, z siedzib\u0105 we Wroc\u0142awiu, przy ul. Zieli\u0144skiego 46\/45, NIP: 8842546726,  adres poczty elektronicznej: weronika@totalexperience.pl.<\/p><br><\/b><p><b>III. Cel zbierania danych osobowych<\/b><\/p><b><br><p>1. &nbsp; Dane osobowe wykorzystywane s\u0105 w celu:<\/p><p>&#8211; obs\u0142ugi zapyta\u0144 z formularza,<br>&#8211; umawiania  i przeprowadzania spotka\u0144 online,<br>&#8211; obrony przed lub dochodzenia ewentualnych roszcze\u0144,<\/p><p>na podstawie uzasadnionego interesu, polegaj\u0105cym na komunikacji z osobami zainteresowanymi lub potencjalnymi klientami a tak\u017ce ochronie prawnej Administratora (art. 6 ust. 1. Lit. f RODO)<\/p><p>2. &nbsp; Podanie danych jest dobrowolne, ale niezb\u0119dne do skorzystania z  funkcjonalno\u015bci Serwisu.<\/p><br><\/b><p><b>IV. Rodzaj przetwarzanych danych osobowych<\/b><\/p><b><br><p>Administrator mo\u017ce przetwarza\u0107 dane osobowe U\u017cytkownika: imi\u0119 i nazwisko,  adres e-mail, a tak\u017ce inne dane jakie ewentualnie podasz w formularzu.<\/p><br><\/b><p><b>V. Okres przetwarzania danych osobowych<\/b><\/p><b><br><p>Dane osobowe U\u017cytkownik\u00f3w b\u0119d\u0105 przetwarzane przez okres:<\/p><br><p>Konieczny dla realizacji w\/w cel\u00f3w, tj. w zwi\u0105zku z prowadzon\u0105 komunikacj\u0105, spotkaniem a nast\u0119pnie do czasu przedawnienia ewentualnych roszcze\u0144.<\/p><br><\/b><p><b>VI. Udost\u0119pnianie danych osobowych<\/b><\/p><b><br><p>1. &nbsp; Dane osobowe U\u017cytkownik\u00f3w mog\u0105 by\u0107 przekazywane: podmiotom powi\u0105zanym z Administratorem, jego podwykonawcom, podmiotom wsp\u00f3\u0142pracuj\u0105cym z Administratorem np. dostawcy rozwi\u0105zania kalendarza, tj. Google, firmom \u015bwiadcz\u0105cym us\u0142ugi kurierskie\/pocztowe, kancelariom prawnym.<\/p><br><p>2. &nbsp; Dane osobowe U\u017cytkownik\u00f3w nie b\u0119d\u0105 przekazywane poza teren Europejskiego Obszaru Gospodarczego (EOG).<\/p><br><\/b><p><b>VII. Prawa U\u017cytkownik\u00f3w<\/b><\/p><b><br><p>1. &nbsp; W granicach okre\u015blonych przepisami U\u017cytkownik Serwisu ma prawo do: dost\u0119pu do tre\u015bci swoich danych osobowych, ich sprostowania, usuni\u0119cia, ograniczenia przetwarzania, przenoszenia, wniesienia sprzeciwu wobec przetwarzania, cofni\u0119cia zgody w ka\u017cdej chwili (co nie ma wp\u0142ywu na zgodno\u015b\u0107 z prawem przetwarzania dokonanego w oparciu o zgod\u0119 przed jej cofni\u0119ciem).<\/p><br><p>2. &nbsp; Zg\u0142oszenie o wyst\u0105pieniu przez U\u017cytkownika z uprawnieniem wynikaj\u0105cym z wymienionych&nbsp;<br>praw nale\u017cy przes\u0142a\u0107 na adres hello@totalexperience.pl.<\/p><br><p>3. &nbsp; U\u017cytkownik ma prawo z\u0142o\u017cy\u0107 skarg\u0119 do Prezesa Urz\u0119du Ochrony Danych Osobowych, <br>je\u015bli uzna, \u017ce przetwarzanie narusza jego prawa i wolno\u015bci (RODO).<\/p><br><br><\/b><p><b>VIII. Informacje o przetwarzaniu danych osobowych na portalach spo\u0142eczno\u015bciowych<\/b><\/p><p><b><br><\/b><\/p><b><p>1. Administrator posiada profil na portalu spo\u0142eczno\u015bciowym LinkedIn. &nbsp;<\/p><p>2. W Serwisie znajduje si\u0119 odno\u015bnik do w\/w portalu, z kt\u00f3rego U\u017cytkownicy mog\u0105 ale nie musz\u0105 skorzysta\u0107.<\/p><p>3. W przypadku klikni\u0119cia przez U\u017cytkownika posiadaj\u0105cego konto w portalu LinkedIn w w\/w odno\u015bnik, Administrator b\u0119dzie przetwarza\u0107 jego dane osobowe. Ponadto administratorem danych osobowych U\u017cytkownik\u00f3w jest dostawca portalu, tj. LinkedIn Ireland Unlimited Company. W celu zaznajomienia si\u0119 z zasadami przetwarzania danych osobowych przez dostawc\u0119 portalu spo\u0142eczno\u015bciowego nale\u017cy zapozna\u0107 si\u0119 z udost\u0119pnion\u0105 przez niego polityk\u0105 prywatno\u015bci. <\/p><p>4. Dane osobowe u\u017cytkownik\u00f3w LinkedIn w zakresie przetwarzanym przez Administratora s\u0105 przetwarzane w celu:<\/p><p>\u2022\tinformowania u\u017cytkownik\u00f3w o dzia\u0142alno\u015bci Administratora (art. 6 ust.1 lit. f) RODO tj. prawnie uzasadniony interes polegaj\u0105cy na promowaniu dzia\u0142alno\u015bci Administratora;<\/p><p>\u2022\tudzielenia odpowiedzi na zadane pytania (art. 6 ust. 1 lit. f) RODO tj. prawnie uzasadniony interes polegaj\u0105cy na komunikacji z u\u017cytkownikami LinkedIn. <\/p><p>5. Dane osobowe u\u017cytkownik\u00f3w b\u0119d\u0105 przechowywane do momentu obserwowania naszego profilu LinkedIn lub nawi\u0105zania kontaktu, a w przypadku zadania pytania \u2013 przez czas udzielenia odpowiedzi, a nast\u0119pnie do momentu przedawnienia roszcze\u0144. <\/p><p>6. Podanie danych osobowych jest dobrowolne, je\u017celi u\u017cytkownik nie zaobserwuje naszego profilu LinkedIn lub nie nawi\u0105\u017ce kontaktu, nie b\u0119dziemy przetwarzali danych osobowych.<\/p><br><\/b><p><b>IX. Postanowienia ko\u0144cowe<\/b><\/p><b><br><p>1. &nbsp; Administrator ma prawo do wprowadzenia zmian w Polityce prywatno\u015bci, <br>przy czym prawa U\u017cytkownik\u00f3w nie zostan\u0105 ograniczone.<\/p><br><p>2. &nbsp; Informacja o wprowadzonych zmianach pojawi si\u0119 w formie komunikatu dost\u0119pnego w Serwisie.<\/p><br><p>3. &nbsp; W sprawach nieuregulowanych w niniejszej Polityce prywatno\u015bci obowi\u0105zuj\u0105 przepisy RODO i przepisy prawa polskiego.<\/p><\/b><br>\t\t\t\t\t\t\t\t<\/div>\n\t\t\t\t<\/div>\n\t\t\t\t\t<\/div>\n\t\t\t\t<\/div>\n\t\t\t\t<\/div>","protected":false},"excerpt":{"rendered":"<p>Polityka prywatno\u015bci I. Postanowienia og\u00f3lne 1. &nbsp; Polityka prywatno\u015bci okre\u015bla, jak zbierane, przetwarzane i przechowywane s\u0105 dane osobowe U\u017cytkownik\u00f3w niezb\u0119dne do obs\u0142ugi zapyta\u0144 formularza i umawiania si\u0119 na spotkania za po\u015brednictwem&nbsp;strony internetowej TotalExperience.pl&nbsp;(dalej: Serwis). 2. &nbsp; Serwis zbiera wy\u0142\u0105cznie dane osobowe niezb\u0119dne do \u015bwiadczenia us\u0142ug w nim oferowanych. 3. &nbsp; Dane osobowe zbierane za po\u015brednictwem [&hellip;]<\/p>","protected":false},"author":1,"featured_media":0,"parent":0,"menu_order":0,"comment_status":"closed","ping_status":"open","template":"","meta":{"site-sidebar-layout":"default","site-content-layout":"","ast-site-content-layout":"default","site-content-style":"default","site-sidebar-style":"default","ast-global-header-display":"","ast-banner-title-visibility":"","ast-main-header-display":"","ast-hfb-above-header-display":"","ast-hfb-below-header-display":"","ast-hfb-mobile-header-display":"","site-post-title":"","ast-breadcrumbs-content":"","ast-featured-img":"","footer-sml-layout":"","theme-transparent-header-meta":"","adv-header-id-meta":"","stick-header-meta":"","header-above-stick-meta":"","header-main-stick-meta":"","header-below-stick-meta":"","astra-migrate-meta-layouts":"default","ast-page-background-enabled":"default","ast-page-background-meta":{"desktop":{"background-color":"var(--ast-global-color-4)","background-image":"","background-repeat":"repeat","background-position":"center center","background-size":"auto","background-attachment":"scroll","background-type":"","background-media":"","overlay-type":"","overlay-color":"","overlay-opacity":"","overlay-gradient":""},"tablet":{"background-color":"","background-image":"","background-repeat":"repeat","background-position":"center center","background-size":"auto","background-attachment":"scroll","background-type":"","background-media":"","overlay-type":"","overlay-color":"","overlay-opacity":"","overlay-gradient":""},"mobile":{"background-color":"","background-image":"","background-repeat":"repeat","background-position":"center center","background-size":"auto","background-attachment":"scroll","background-type":"","background-media":"","overlay-type":"","overlay-color":"","overlay-opacity":"","overlay-gradient":""}},"ast-content-background-meta":{"desktop":{"background-color":"var(--ast-global-color-5)","background-image":"","background-repeat":"repeat","background-position":"center center","background-size":"auto","background-attachment":"scroll","background-type":"","background-media":"","overlay-type":"","overlay-color":"","overlay-opacity":"","overlay-gradient":""},"tablet":{"background-color":"var(--ast-global-color-5)","background-image":"","background-repeat":"repeat","background-position":"center center","background-size":"auto","background-attachment":"scroll","background-type":"","background-media":"","overlay-type":"","overlay-color":"","overlay-opacity":"","overlay-gradient":""},"mobile":{"background-color":"var(--ast-global-color-5)","background-image":"","background-repeat":"repeat","background-position":"center center","background-size":"auto","background-attachment":"scroll","background-type":"","background-media":"","overlay-type":"","overlay-color":"","overlay-opacity":"","overlay-gradient":""}},"footnotes":""},"class_list":["post-3","page","type-page","status-publish","hentry"],"_links":{"self":[{"href":"https:\/\/totalexperience.pl\/en\/wp-json\/wp\/v2\/pages\/3","targetHints":{"allow":["GET"]}}],"collection":[{"href":"https:\/\/totalexperience.pl\/en\/wp-json\/wp\/v2\/pages"}],"about":[{"href":"https:\/\/totalexperience.pl\/en\/wp-json\/wp\/v2\/types\/page"}],"author":[{"embeddable":true,"href":"https:\/\/totalexperience.pl\/en\/wp-json\/wp\/v2\/users\/1"}],"replies":[{"embeddable":true,"href":"https:\/\/totalexperience.pl\/en\/wp-json\/wp\/v2\/comments?post=3"}],"version-history":[{"count":0,"href":"https:\/\/totalexperience.pl\/en\/wp-json\/wp\/v2\/pages\/3\/revisions"}],"wp:attachment":[{"href":"https:\/\/totalexperience.pl\/en\/wp-json\/wp\/v2\/media?parent=3"}],"curies":[{"name":"wp","href":"https:\/\/api.w.org\/{rel}","templated":true}]}}